{"id":8,"date":"2019-02-28T17:27:47","date_gmt":"2019-02-28T17:27:47","guid":{"rendered":"http:\/\/mmakler.de\/?page_id=8"},"modified":"2023-02-18T22:13:20","modified_gmt":"2023-02-18T22:13:20","slug":"impressum","status":"publish","type":"page","link":"http:\/\/mmakler.de\/?page_id=8","title":{"rendered":"Impressum"},"content":{"rendered":"\n<figure class=\"wp-block-image size-large\"><img loading=\"lazy\" width=\"1024\" height=\"664\" src=\"http:\/\/mmakler.de\/wp-content\/uploads\/2020\/05\/B\u00fcroansicht-re_mit-mir-1024x664.jpg\" alt=\"\" class=\"wp-image-161\" srcset=\"http:\/\/mmakler.de\/wp-content\/uploads\/2020\/05\/B\u00fcroansicht-re_mit-mir-1024x664.jpg 1024w, http:\/\/mmakler.de\/wp-content\/uploads\/2020\/05\/B\u00fcroansicht-re_mit-mir-300x194.jpg 300w, http:\/\/mmakler.de\/wp-content\/uploads\/2020\/05\/B\u00fcroansicht-re_mit-mir-768x498.jpg 768w, http:\/\/mmakler.de\/wp-content\/uploads\/2020\/05\/B\u00fcroansicht-re_mit-mir-1536x996.jpg 1536w, http:\/\/mmakler.de\/wp-content\/uploads\/2020\/05\/B\u00fcroansicht-re_mit-mir-2048x1327.jpg 2048w\" sizes=\"(max-width: 767px) 89vw, (max-width: 1000px) 54vw, (max-width: 1071px) 543px, 580px\" \/><\/figure>\n\n\n\n<h3>Verantwortlich f\u00fcr den Inhalt:<\/h3>\n\n\n\n<p>MS Richter UG (haftungsbeschr\u00e4nkt)<br>Winklerstr. 16<br>09669 Frankenberg<br>Telefon: 037206\/569406<br>Telefax: 037206\/569064<br><a href=\"mailto:kontakt@makler2018.de\">kontakt@makler2018.de<\/a><\/p>\n\n\n\n<p>* Wenn Sie uns eine E-Mail zusenden, wird Ihre E-Mail-Adresse von uns, bis zum jederzeit m\u00f6glichen Widerruf durch Sie, elektronisch gespeichert. Wir verweisen auf den Inhalt unserer&nbsp;Datenschutzerkl\u00e4rung.<\/p>\n\n\n\n<p>Gesellschafter-Gesch\u00e4ftsf\u00fchrer:<br>Mario Richter<\/p>\n\n\n\n<p>Firmensitz: Frankenberg\/Sachsen<br>Handelsregister-Nr.: HRB 31543 \/ Amtsgericht Chemnitz<\/p>\n\n\n\n<h2>T\u00e4tig als:<\/h2>\n\n\n\n<p>Versicherungsmakler mit einer Erlaubnis nach \u00a7 34d Abs.1 der GewO und in das Register nach \u00a7 34d Abs. 7, 11a GewO unter der Registernummer D-83DJ-N9OCD-27 eingetragen.<\/p>\n\n\n\n<p>Aufsichtsbeh\u00f6rde:<br><strong>IHK Chemnitz<\/strong><br>Stra\u00dfe der Nationen 25<br>09111 Chemnitz<br>Telefon: 0 37 1 \u2013 690 00<br><a href=\"http:\/\/www.chemnitz.ihk.de\/\" target=\"_blank\" rel=\"noreferrer noopener\">www.chemnitz.ihk.de<\/a><\/p>\n\n\n\n<p>Finanzanlagenvermittler mit einer Erlaubnis nach \u00a7 34f Abs. 1 Satz 1 Nr. 1, 2 und 3 der GewO und in das Register nach \u00a7 34f Abs. 5, 11a GewO unter der Registriernummer D-F-123-AGYY-51 eingetragen.<\/p>\n\n\n\n<p>Immobiliendarlehensvermittler mit einer Erlaubnis nach \u00a7 34i Abs. 1 Satz 1 der GewO und in das Register nach \u00a7 34i Abs. 8, 11a GewO unter der Registriernummer D-W-123-ERTC-35 eingetragen.<\/p>\n\n\n\n<p>Aufsichtsbeh\u00f6rde:<br><strong>Landratsamt Mittelsachsen<\/strong><br>Frauensteiner Stra\u00dfe 43<br>09599 Freiberg<br>Telefon: 0 37 31 \u2013 799 0<br><a href=\"http:\/\/www.landkreis-mittelsachsen.de\/\" target=\"_blank\" rel=\"noreferrer noopener\">www.landkreis-mittelsachsen.de<\/a><\/p>\n\n\n\n<p><strong>Die Registereintragungen k\u00f6nnen unter&nbsp;<a href=\"http:\/\/www.vermittlerregister.info\/\" target=\"_blank\" rel=\"noreferrer noopener\">www.vermittlerregister.info<\/a>&nbsp;\u00fcberpr\u00fcft werden.<\/strong><\/p>\n\n\n\n<p>Mitglied der Industrie- und Handelskammer Chemnitz<br>Stra\u00dfe der Nationen 14<br>09111 Chemnitz<\/p>\n\n\n\n<p>Berufsbezeichnung :<br>Versicherungsmakler, Finanzanlagenvermittler, Darlehensvermittler<\/p>\n\n\n\n<p>Bundesrepublik Deutschland<br>Berufsrechtliche Regelungen:<\/p>\n\n\n\n<p>Versicherungsvermittler<br>\u00a7 34 d Gewerbeordnung, \u00a7\u00a7 59-68 VVG, VersVerm<\/p>\n\n\n\n<p>Finanzanlagenvermittler<br>\u00a7 34 f GewO, FinVermV<\/p>\n\n\n\n<p>Darlehensvermittler<br>\u00a7 34 i GewO, MaBV<\/p>\n\n\n\n<p>Die berufsrechtlichen Regelungen k\u00f6nnen \u00fcber die vom Bundesministerium der Justiz und von der juris GmbH betriebenen Homepage&nbsp;<a href=\"http:\/\/www.gesetze-im-internet.de\/\" target=\"_blank\" rel=\"noreferrer noopener\">www.gesetze-im-internet.de<\/a>eingesehen und abgerufen werden.<\/p>\n\n\n\n<h2>Erg\u00e4nzende Angaben zur Erstinformation gem\u00e4\u00df \u00a7 11 Abs. 1 VersVermV und<br>gem. \u00a7 12 Abs. 1 FinVermV:<\/h2>\n\n\n\n<p><strong>Gemeinsame Stelle gem\u00e4\u00df \u00a7 11a Abs. 1 GewO<\/strong>Deutscher Industrie- und Handelskammertag \/ DIHK<br>Breite Stra\u00dfe 29<br>10178 Berlin<br>Telefon: +49 180500585-0\u00a0 (14Cent\/Min aus dem dt. Festnetz, h\u00f6chstens 42 Cent\/Min aus Mobilfunknetzten)<br><a rel=\"noreferrer noopener\" href=\"http:\/\/www.vermittlerregister.info\/\" target=\"_blank\">www.vermittlerregister.info<\/a><\/p>\n\n\n\n<p><strong>Beratung und Verg\u00fctung bei der Versicherungsvermittlung<\/strong><\/p>\n\n\n\n<p>Soweit nicht anders vereinbart beraten wir Sie und erhalten f\u00fcr unsere Vermittlung eine Verg\u00fctung durch den Versicherer, welche in dem Versicherungsbeitrag bereits enthalten ist.<\/p>\n\n\n\n<p><strong>Informationen \u00fcber die Verg\u00fctung bei der Finanzanlagenberatung und \u2013vermittlung<\/strong><\/p>\n\n\n\n<p>Im Zusammenhang mit der Anlageberatung oder -vermittlung kann die Verg\u00fctung hierf\u00fcr durch den Anleger oder durch Dritte (Produktgeber) in Kombination erfolgen. Dies ist abh\u00e4ngig von den W\u00fcnschen und Bed\u00fcrfnissen des Anlegers und den Finanzprodukten, welche eventuell vermittelt werden. Soweit die Verg\u00fctungsbestandteile insofern durch den Anleger gezahlt werden, erfolgt dies z.B. entsprechend der gesondert zu treffenden Verg\u00fctungsvereinbarung \/ oder hier ggf. konkrete Verg\u00fctungsform eintragen. Soweit Zuwendungen im Zusammenhang mit der Anlageberatung oder -vermittlung insofern von Dritten (Produktgebern) erbracht werden, d\u00fcrfen diese behalten werden.<\/p>\n\n\n\n<p><strong>Abh\u00e4ngigkeiten \u00fcber Beteiligungen gem\u00e4\u00df VersVermV<\/strong>Der Vermittler h\u00e4lt keine unmittelbare oder mittelbare Beteiligung von mehr als 10% an den Stimmrechten oder am Kapital eines VU (Versicherungsunternehmen). Ein VU h\u00e4lt keine unmittelbare oder mittelbare Beteiligung von mehr als 10% an den Stimmrechten oder am Kapital des Vermittlers.<\/p>\n\n\n\n<p><strong>Emittenten und Anbieter gem\u00e4\u00df FinVermV<\/strong>Vermittelt und beraten wird zu Finanzanlagen aus der gesamten Breite des in Deutschland bestehenden Marktes soweit dies im Rahmen der beh\u00f6rdlichen Zulassung als Finanzanlagenvermittler\/-berater gem. \u00a7 34 f GewO zul\u00e4ssig ist.<\/p>\n\n\n\n<p><strong>Schlichtungsstellen \u2013 au\u00dfergerichtliche Streitbeteiligungen<\/strong><\/p>\n\n\n\n<p>Versicherungsombudsmann e.V.<br>Postfach 080632<br>10006 Berlin<br><a href=\"http:\/\/www.versicherungsombudsmann.de\/\" target=\"_blank\" rel=\"noreferrer noopener\">www.versicherungsombudsmann.de<\/a><\/p>\n\n\n\n<p>Ombudsmann Private Kranken- und Pflegeversicherung<br>Postfach 060222<br>10052 Berlin<br><a href=\"http:\/\/www.pkv-ombudsmann.de\/\" target=\"_blank\" rel=\"noreferrer noopener\">www.pkv-ombudsmann.de<\/a><\/p>\n\n\n\n<h2><strong>Haftungsausschluss<\/strong><\/h2>\n\n\n\n<p>Trotz sorgf\u00e4ltiger inhaltlicher Kontrolle \u00fcbernehmen wir keine Haftung f\u00fcr die Inhalte externer Links. F\u00fcr den Inhalt der verlinkten Seiten sind ausschlie\u00dflich deren Betreiber verantwortlich. Dass solche Links auf weitere Seiten auch zu kommerziellen Anbietern f\u00fchren k\u00f6nnen, liegt in der Natur des WWW. Wir \u00fcbernehmen daher keine Haftung f\u00fcr die Inhalte solcher Links.<\/p>\n\n\n\n<h2><strong>Haftungsausschluss f\u00fcr journalistisch-redaktionelle Inhalte<\/strong><\/h2>\n\n\n\n<p>Die im Impressum genannten Verantwortlichen \u00fcbernehmen keine Gew\u00e4hr f\u00fcr Aktualit\u00e4t, Richtigkeit und Vollst\u00e4ndigkeit der angebotenen Informationen. Haftungsanspr\u00fcche aus Sch\u00e4den materieller oder ideeller Art, die durch die Nutzung der angebotenen Informationen verursacht wurden, sind ausgeschlossen, sofern kein nachweislich vors\u00e4tzliches oder grob fahrl\u00e4ssiges Verschulden vorliegt. Ausdr\u00fccklich vorbehalten wird, Teile der Seiten oder das gesamte Angebot ohne gesonderte Ank\u00fcndigung zu ver\u00e4ndern, zu erg\u00e4nzen, zu l\u00f6schen oder die Ver\u00f6ffentlichung zeitweise oder endg\u00fcltig einzustellen.<\/p>\n\n\n\n<h2><strong>Urheberschutz<\/strong><\/h2>\n\n\n\n<p>Trotz sorgf\u00e4ltiger Kontrolle kann es vorkommen, dass wir unwissentlich urheberrechtlich gesch\u00fctztes Material verwendet haben. Hiermit erkl\u00e4ren wir, dass alle Rechte anerkannt werden und notwendige Korrekturen von Texten und Abbildungen nach Kenntnis der Sache umgehend durchgef\u00fchrt werden. In einem solchen Fall bitten wir die Inhaber entsprechender Rechte, ihre Rechte ohne den unn\u00f6tigen Umweg \u00fcber eine Abmahnung, verbunden mit der Forderung nach Erstattung der Anwaltskosten, geltend zu machen.<\/p>\n\n\n\n<h2><strong>Markenschutz<\/strong><\/h2>\n\n\n\n<p>Trotz sorgf\u00e4ltiger Kontrolle kann es vorkommen, dass wir unwissentlich registrierte Markennamen (Handelsmarken, Produktnamen etc.) verwendet haben, ohne auf den Markeninhaber hinzuweisen. Hiermit erkl\u00e4ren wir, dass alle Markenrechte anerkannt werden und auf notwendige Korrekturen von Texten und Abbildungen nach Kenntnis der Sache umgehend durchgef\u00fchrt werden. In einem solchen Fall bitten wir die Inhaber entsprechender Rechte, ihre Rechte ohne den unn\u00f6tigen Umweg \u00fcber eine Abmahnung verbunden mit der Forderung nach Erstattung der Anwaltskosten geltend zu machen.<\/p>\n\n\n\n<p><strong>Fotos<\/strong><\/p>\n\n\n\n<ul><li>1 Foto: Augustusburg von Klaus Hornauer<\/li><li>1 Foto: Mario Richter<\/li><li>1 Foto: Mario Richter mit Blick auf Frankenberg von Sandy R\u00f6sch (Frankenberg)<\/li><\/ul>\n\n\n\n<p>Vielen Dank an die Fotografen<\/p>\n","protected":false},"excerpt":{"rendered":"<p>Verantwortlich f\u00fcr den Inhalt: MS Richter UG (haftungsbeschr\u00e4nkt)Winklerstr. 1609669 FrankenbergTelefon: 037206\/569406Telefax: 037206\/569064kontakt@makler2018.de * Wenn Sie uns eine E-Mail zusenden, wird Ihre E-Mail-Adresse von uns, bis zum jederzeit m\u00f6glichen Widerruf durch Sie, elektronisch gespeichert. Wir verweisen auf den Inhalt unserer&nbsp;Datenschutzerkl\u00e4rung. Gesellschafter-Gesch\u00e4ftsf\u00fchrer:Mario Richter Firmensitz: Frankenberg\/SachsenHandelsregister-Nr.: HRB 31543 \/ Amtsgericht Chemnitz T\u00e4tig als: Versicherungsmakler mit einer Erlaubnis nach &hellip; <\/p>\n<p class=\"link-more\"><a href=\"http:\/\/mmakler.de\/?page_id=8\" class=\"more-link\"><span class=\"screen-reader-text\">\u201eImpressum\u201c<\/span> weiterlesen<\/a><\/p>\n","protected":false},"author":1,"featured_media":0,"parent":0,"menu_order":0,"comment_status":"closed","ping_status":"closed","template":"","meta":[],"_links":{"self":[{"href":"http:\/\/mmakler.de\/index.php?rest_route=\/wp\/v2\/pages\/8"}],"collection":[{"href":"http:\/\/mmakler.de\/index.php?rest_route=\/wp\/v2\/pages"}],"about":[{"href":"http:\/\/mmakler.de\/index.php?rest_route=\/wp\/v2\/types\/page"}],"author":[{"embeddable":true,"href":"http:\/\/mmakler.de\/index.php?rest_route=\/wp\/v2\/users\/1"}],"replies":[{"embeddable":true,"href":"http:\/\/mmakler.de\/index.php?rest_route=%2Fwp%2Fv2%2Fcomments&post=8"}],"version-history":[{"count":10,"href":"http:\/\/mmakler.de\/index.php?rest_route=\/wp\/v2\/pages\/8\/revisions"}],"predecessor-version":[{"id":184,"href":"http:\/\/mmakler.de\/index.php?rest_route=\/wp\/v2\/pages\/8\/revisions\/184"}],"wp:attachment":[{"href":"http:\/\/mmakler.de\/index.php?rest_route=%2Fwp%2Fv2%2Fmedia&parent=8"}],"curies":[{"name":"wp","href":"https:\/\/api.w.org\/{rel}","templated":true}]}}