{"id":6,"date":"2019-02-28T17:27:47","date_gmt":"2019-02-28T17:27:47","guid":{"rendered":"http:\/\/mmakler.de\/?page_id=6"},"modified":"2019-05-06T13:18:10","modified_gmt":"2019-05-06T13:18:10","slug":"fahrer","status":"publish","type":"page","link":"http:\/\/mmakler.de\/?page_id=6","title":{"rendered":"Fahrer"},"content":{"rendered":"\n<figure class=\"wp-block-image is-resized\"><img loading=\"lazy\" src=\"http:\/\/mmakler.de\/wp-content\/uploads\/2019\/05\/robert-kemmlitz-2-1024x768.jpg\" alt=\"\" class=\"wp-image-111\" width=\"663\" height=\"497\" srcset=\"http:\/\/mmakler.de\/wp-content\/uploads\/2019\/05\/robert-kemmlitz-2-1024x768.jpg 1024w, http:\/\/mmakler.de\/wp-content\/uploads\/2019\/05\/robert-kemmlitz-2-300x225.jpg 300w, http:\/\/mmakler.de\/wp-content\/uploads\/2019\/05\/robert-kemmlitz-2-768x576.jpg 768w\" sizes=\"(max-width: 663px) 100vw, 663px\" \/><\/figure>\n\n\n\n<p>Als aktiver Motorsportler sind Sie\nzus\u00e4tzlichen Gefahren ausgesetzt. Die \u201enormale\u201c Unfallversicherung schlie\u00dft\ndieses Risiko aus.<\/p>\n\n\n\n<p>Laut der Unfallstatistik der Bundesanstalt\nf\u00fcr Arbeitsschutz und Arbeitsmedizin erleidet pro Jahr jeder zehnte Deutsche\neine Unfallverletzung (ohne Bagatellunf\u00e4lle). Ebenfalls zeigt die Statistik,\ndass die meisten Unf\u00e4lle nicht am Arbeitsplatz, sondern im Haushalt bzw. der\nFreizeit passieren. <\/p>\n\n\n\n<p>Wussten Sie, wie viel Menschen im\nMotorsport j\u00e4hrlich sterben? Es sind deutlich mehr, als sich viele ausmalen.\nDoch die meisten Todesf\u00e4lle passieren auf Clubniveau. &#8222;Weltweit sterben\npro Jahr ca. 100 Menschen im Motorsport, je 50 Prozent auf zwei und vier\nR\u00e4dern. Von diesen 50 Toten sind die eine H\u00e4lfte Fahrzeuginsassen, und die\nandere Streckenposten oder Zuschauer. Der Gro\u00dfteil dieser Ungl\u00fccke passiert auf\nnationaler Ebene.\u201c<\/p>\n\n\n\n<p><strong>Deine L\u00f6sung: Versicherungsschutz immer und \u00fcberall \u2013 einschlie\u00dflich lizenzfreier Motorsport<\/strong><\/p>\n\n\n\n<p>Beispiel 1: Mann, Baujahr 1963, Schlosser, Versicherung incl. <br>Teilnahme an lizenzfreien Motorsportveranstaltungen, Invalitit\u00e4tsgrundsumme: 100.000\u20ac, Maximalleistung 225.000\u20ac, 5.000\u20ac bei Tod durch Unfall, 20\u20ac Krankenhaustagegeld => <strong>16,62\u20ac monatlicher Beitrag<\/strong><\/p>\n\n\n\n<p>\n\nBeispiel 2: Mann, Baujahr 1983, B\u00fcroangestellter, Versicherung incl. <br>Teilnahme an lizenzfreien Motorsportveranstaltungen, Invalitit\u00e4tsgrundsumme: 100.000\u20ac, Maximalleistung 225.000\u20ac, 5.000\u20ac bei Tod durch Unfall, 20\u20ac Krankenhaustagegeld =&gt; <strong>9,32\u20ac monatlicher Beitrag<\/strong><\/p>\n\n\n\n<p> Beispiel 3: Kind, Baujahr 2010, Versicherung incl. <br>Teilnahme an <strong>lizenzfreien und lizenzpflichtigen<\/strong> Motorsportveranstaltungen, Invalitit\u00e4tsgrundsumme: 100.000\u20ac, Maximalleistung 225.000\u20ac, 5.000\u20ac bei Tod durch Unfall, 20\u20ac Krankenhaustagegeld => <strong>5,96\u20ac monatlicher Beitrag<\/strong><\/p>\n\n\n\n<p><\/p>\n\n\n\n<p><strong>oder auch f\u00fcr Lizenz-Motorsport<\/strong><\/p>\n\n\n\n<div class=\"wp-block-file\"><a href=\"http:\/\/mmakler.de\/wp-content\/uploads\/2019\/05\/anfrage-unfallversicherung.pdf\">Anfrage private Unfallversicherung<\/a><a href=\"http:\/\/mmakler.de\/wp-content\/uploads\/2019\/05\/anfrage-unfallversicherung.pdf\" class=\"wp-block-file__button\" download>Herunterladen<\/a><\/div>\n\n\n\n<div class=\"wp-block-file\"><a href=\"http:\/\/mmakler.de\/wp-content\/uploads\/2019\/05\/anfrage-bu.pdf\">Anfrage Berufsunf\u00e4higkeitsversicherung<\/a><a href=\"http:\/\/mmakler.de\/wp-content\/uploads\/2019\/05\/anfrage-bu.pdf\" class=\"wp-block-file__button\" download>Herunterladen<\/a><\/div>\n","protected":false},"excerpt":{"rendered":"<p>Als aktiver Motorsportler sind Sie zus\u00e4tzlichen Gefahren ausgesetzt. Die \u201enormale\u201c Unfallversicherung schlie\u00dft dieses Risiko aus. Laut der Unfallstatistik der Bundesanstalt f\u00fcr Arbeitsschutz und Arbeitsmedizin erleidet pro Jahr jeder zehnte Deutsche eine Unfallverletzung (ohne Bagatellunf\u00e4lle). Ebenfalls zeigt die Statistik, dass die meisten Unf\u00e4lle nicht am Arbeitsplatz, sondern im Haushalt bzw. der Freizeit passieren. Wussten Sie, wie &hellip; <\/p>\n<p class=\"link-more\"><a href=\"http:\/\/mmakler.de\/?page_id=6\" class=\"more-link\"><span class=\"screen-reader-text\">\u201eFahrer\u201c<\/span> weiterlesen<\/a><\/p>\n","protected":false},"author":1,"featured_media":0,"parent":0,"menu_order":0,"comment_status":"closed","ping_status":"closed","template":"","meta":[],"_links":{"self":[{"href":"http:\/\/mmakler.de\/index.php?rest_route=\/wp\/v2\/pages\/6"}],"collection":[{"href":"http:\/\/mmakler.de\/index.php?rest_route=\/wp\/v2\/pages"}],"about":[{"href":"http:\/\/mmakler.de\/index.php?rest_route=\/wp\/v2\/types\/page"}],"author":[{"embeddable":true,"href":"http:\/\/mmakler.de\/index.php?rest_route=\/wp\/v2\/users\/1"}],"replies":[{"embeddable":true,"href":"http:\/\/mmakler.de\/index.php?rest_route=%2Fwp%2Fv2%2Fcomments&post=6"}],"version-history":[{"count":10,"href":"http:\/\/mmakler.de\/index.php?rest_route=\/wp\/v2\/pages\/6\/revisions"}],"predecessor-version":[{"id":121,"href":"http:\/\/mmakler.de\/index.php?rest_route=\/wp\/v2\/pages\/6\/revisions\/121"}],"wp:attachment":[{"href":"http:\/\/mmakler.de\/index.php?rest_route=%2Fwp%2Fv2%2Fmedia&parent=6"}],"curies":[{"name":"wp","href":"https:\/\/api.w.org\/{rel}","templated":true}]}}