{"id":38,"date":"2019-03-04T19:57:21","date_gmt":"2019-03-04T19:57:21","guid":{"rendered":"http:\/\/mmakler.de\/?page_id=38"},"modified":"2025-08-07T20:04:26","modified_gmt":"2025-08-07T20:04:26","slug":"haftungsverzicht","status":"publish","type":"page","link":"http:\/\/mmakler.de\/?page_id=38","title":{"rendered":"Haftungsverzicht"},"content":{"rendered":"\n<figure class=\"wp-block-image\"><img loading=\"lazy\" width=\"1024\" height=\"768\" src=\"http:\/\/mmakler.de\/wp-content\/uploads\/2019\/07\/20180325_191114-1024x768.jpg\" alt=\"\" class=\"wp-image-134\" srcset=\"http:\/\/mmakler.de\/wp-content\/uploads\/2019\/07\/20180325_191114-1024x768.jpg 1024w, http:\/\/mmakler.de\/wp-content\/uploads\/2019\/07\/20180325_191114-300x225.jpg 300w, http:\/\/mmakler.de\/wp-content\/uploads\/2019\/07\/20180325_191114-768x576.jpg 768w, http:\/\/mmakler.de\/wp-content\/uploads\/2019\/07\/20180325_191114.jpg 1938w\" sizes=\"(max-width: 767px) 89vw, (max-width: 1000px) 54vw, (max-width: 1071px) 543px, 580px\" \/><\/figure>\n\n\n\n<p><strong>Entgegen der weit verbreitenden Meinung, wonach die Haftung bei\nMotorsportveranstaltung durch die so genannte\n&#8222;Haftungsverzichtserkl\u00e4rung&#8220; ausgeschlossen werden kann, ist ein\nHaftungsausschluss rechtlich nicht m\u00f6glich.<\/strong><\/p>\n\n\n\n<p><strong>&nbsp;In \u00a7 309 BGB&nbsp; ist\nunter Punkt 7. folgende Regel enthalten:&nbsp;<\/strong><\/p>\n\n\n\n<p>\u00a7 309<br> Klauselverbote ohne Wertungsm\u00f6glichkeit<br> Auch soweit eine Abweichung von den gesetzlichen Vorschriften zul\u00e4ssig ist, ist in Allgemeinen Gesch\u00e4ftsbedingungen\u00a0<strong>unwirksam<\/strong>:<br> <br> 7. (Haftungsausschluss bei Verletzung von Leben, K\u00f6rper, Gesundheit und bei grobem Verschulden)<br> <br> a) (Verletzung von Leben, K\u00f6rper, Gesundheit)ein Ausschluss oder eine Begrenzung der Haftung f\u00fcr Sch\u00e4den aus der Verletzung des Lebens, des K\u00f6rpers oder der Gesundheit, die auf einer fahrl\u00e4ssigen Pflichtverletzung des Verwenders oder einer vors\u00e4tzlichen oder fahrl\u00e4ssigen Pflichtverletzung eines gesetzlichen Vertreters oder Erf\u00fcllungsgehilfen des Verwenders beruhen;<br> <br> b) (Grobes Verschulden) ein Ausschluss oder eine Begrenzung der Haftung f\u00fcr sonstige Sch\u00e4den, die auf einer grob fahrl\u00e4ssigen Pflichtverletzung des Verwenders oder auf einer vors\u00e4tzlichen oder grob fahrl\u00e4ssigen Pflichtverletzung eines gesetzlichen Vertreters oder Erf\u00fcllungsgehilfen des Verwenders beruhen; die Buchstaben a und b gelten nicht f\u00fcr Haftungsbeschr\u00e4nkungen in den nach Ma\u00dfgabe des Personenbef\u00f6rderungsgesetzes<br> genehmigten Bef\u00f6rderungsbedingungen und Tarifvorschriften der Stra\u00dfenbahnen, Omnibusse und Kraftfahrzeuge im Linienverkehr, soweit sie nicht zum Nachteil des Fahrgasts von der Verordnung \u00fcber die Allgemeinen Bef\u00f6rderungsbedingungen f\u00fcr den Stra\u00dfenbahn- und Omnibusverkehr sowie den Linienverkehr mit Kraftfahrzeugen vom 27. Februar 1970 abweichen; Buchstabe b gilt nicht f\u00fcr Haftungsbeschr\u00e4nkungen f\u00fcr staatlich genehmigte<br> Lotterie- oder Ausspielvertr\u00e4ge;<br> <br> Deshalb ist es f\u00fcr den Veranstalter zwingend erforderlich eine Veranstalterhaftpflichtversicherung abzuschlie\u00dfen.<br> <br> siehe auch: https:\/\/occ.eu\/vermittler\/magazin\/rennhaftplicht_b2b?utm_source=BSI&amp;utm_medium=email&amp;utm_campaign=20250807_NL-B2B_Rennhaftpflicht<\/p>\n\n\n\n<p>Quelle:<br>\nB\u00fcrgerliches Gesetzbuch<br>\nBuch 2 &#8211; Recht der Schuldverh\u00e4ltnisse (\u00a7\u00a7 241 &#8211; 853)<br>\nAbschnitt 2 &#8211; Gestaltung rechtsgesch\u00e4ftlicher Schuldverh\u00e4ltnisse durch\nAllgemeine Gesch\u00e4ftsbedingungen (\u00a7\u00a7 305 &#8211; 310)<\/p>\n","protected":false},"excerpt":{"rendered":"<p>Entgegen der weit verbreitenden Meinung, wonach die Haftung bei Motorsportveranstaltung durch die so genannte &#8222;Haftungsverzichtserkl\u00e4rung&#8220; ausgeschlossen werden kann, ist ein Haftungsausschluss rechtlich nicht m\u00f6glich. &nbsp;In \u00a7 309 BGB&nbsp; ist unter Punkt 7. folgende Regel enthalten:&nbsp; \u00a7 309 Klauselverbote ohne Wertungsm\u00f6glichkeit Auch soweit eine Abweichung von den gesetzlichen Vorschriften zul\u00e4ssig ist, ist in Allgemeinen Gesch\u00e4ftsbedingungen\u00a0unwirksam: 7. &hellip; <\/p>\n<p class=\"link-more\"><a href=\"http:\/\/mmakler.de\/?page_id=38\" class=\"more-link\"><span class=\"screen-reader-text\">\u201eHaftungsverzicht\u201c<\/span> weiterlesen<\/a><\/p>\n","protected":false},"author":1,"featured_media":0,"parent":0,"menu_order":0,"comment_status":"closed","ping_status":"closed","template":"","meta":[],"_links":{"self":[{"href":"http:\/\/mmakler.de\/index.php?rest_route=\/wp\/v2\/pages\/38"}],"collection":[{"href":"http:\/\/mmakler.de\/index.php?rest_route=\/wp\/v2\/pages"}],"about":[{"href":"http:\/\/mmakler.de\/index.php?rest_route=\/wp\/v2\/types\/page"}],"author":[{"embeddable":true,"href":"http:\/\/mmakler.de\/index.php?rest_route=\/wp\/v2\/users\/1"}],"replies":[{"embeddable":true,"href":"http:\/\/mmakler.de\/index.php?rest_route=%2Fwp%2Fv2%2Fcomments&post=38"}],"version-history":[{"count":5,"href":"http:\/\/mmakler.de\/index.php?rest_route=\/wp\/v2\/pages\/38\/revisions"}],"predecessor-version":[{"id":190,"href":"http:\/\/mmakler.de\/index.php?rest_route=\/wp\/v2\/pages\/38\/revisions\/190"}],"wp:attachment":[{"href":"http:\/\/mmakler.de\/index.php?rest_route=%2Fwp%2Fv2%2Fmedia&parent=38"}],"curies":[{"name":"wp","href":"https:\/\/api.w.org\/{rel}","templated":true}]}}