{"id":2,"date":"2016-05-10T03:48:21","date_gmt":"2016-05-10T03:48:21","guid":{"rendered":"http:\/\/mmakler.de\/?page_id=2"},"modified":"2025-08-07T20:05:44","modified_gmt":"2025-08-07T20:05:44","slug":"sample-page","status":"publish","type":"page","link":"http:\/\/mmakler.de\/","title":{"rendered":"Wichtig!!!"},"content":{"rendered":"\n<p><a href=\"https:\/\/occ.eu\/vermittler\/magazin\/rennhaftplicht_b2b?utm_source=BSI&amp;utm_medium=email&amp;utm_campaign=20250807_NL-B2B_Rennhaftpflicht\">https:\/\/occ.eu\/vermittler\/magazin\/rennhaftplicht_b2b?utm_source=BSI&amp;utm_medium=email&amp;utm_campaign=20250807_NL-B2B_Rennhaftpflicht<\/a><\/p>\n\n\n\n<h1><strong>Seit mehr als 23 Jahren schenken Kunden uns Ihr Vertrauen.<\/strong><\/h1>\n\n\n\n<p>Kompetent und unabh\u00e4ngig beraten wir mit unserem vielseitigen beruflichen Erfahrungen und dem angeeigneten Fachwissen.<\/p>\n\n\n\n<p>Als Versicherungsmakler sind wir an keine Versicherungsgesellschaft gebunden, sondern arbeiten&nbsp;<strong>ausschlie\u00dflich in Deinem Interesse<\/strong>. Wir w\u00e4hlen Versicherungen mit \u00fcberdurchschnittlich guten Angeboten aus und optimieren diese f\u00fcr Deine individuellen Bed\u00fcrfnisse.<\/p>\n\n\n\n<h1><strong>Wir sind Dein Partner<\/strong><\/h1>\n\n\n\n<p>Unsere Betreuung beginnt mit der Risikoanalyse. Wir pr\u00fcfen unter Ber\u00fccksichtigung Deiner individuellen Gegebenheiten gegen welche Gefahren vorgesorgt werden sollte und ob bestehende Versicherungen zweckm\u00e4\u00dfig sind. Ziel ist, dass nicht zu viel aber auch nicht zu wenig versichert wird. <strong>Die Entscheidung triffst Du.<\/strong><\/p>\n\n\n\n<p>Wir m\u00f6chten, dass Du nicht nur ruhig schlafen kannst, sondern auch bei Deinen Hobbies Dich ausleben kannst und Du \u00fcber die m\u00f6glicherweise laufenden Anpassungen des Versicherungsschutzes an ver\u00e4nderte Risiko- und Marktverh\u00e4ltnisse keine Gedanken verschwenden musst. Au\u00dferdem entlasten wir Dich so weit es geht von zeitraubenden Verwaltungsarbeiten. Im Verlauf einer Schadensregulierung unterst\u00fctzen wir Dich mit maximalem Engagement.<\/p>\n\n\n\n<p>Gr\u00fcnder und Gesch\u00e4ftsf\u00fchrer Mario Richter nahm 1992 seine T\u00e4tigkeit in der Versicherungsbranche auf. Zwei Jahre sp\u00e4ter startete er hauptberuflich durch. Seit 2015 ist das B\u00fcro in Frankenberg f\u00fcr Kunden ge\u00f6ffnet.<\/p>\n\n\n\n<p>Abschl\u00fcsse: Diplomingenieur Feinwerktechnik (FH), Bachelor BWL (FH), Versicherungsfachmann BWV, Finanzanlagenfachmann (IHK) und gepr. Fachmann f\u00fcr Immobiliendarlehensvermittlung (IHK).<\/p>\n\n\n\n<p>FIM-Lizenz Environmental Steward<\/p>\n","protected":false},"excerpt":{"rendered":"<p>https:\/\/occ.eu\/vermittler\/magazin\/rennhaftplicht_b2b?utm_source=BSI&amp;utm_medium=email&amp;utm_campaign=20250807_NL-B2B_Rennhaftpflicht Seit mehr als 23 Jahren schenken Kunden uns Ihr Vertrauen. Kompetent und unabh\u00e4ngig beraten wir mit unserem vielseitigen beruflichen Erfahrungen und dem angeeigneten Fachwissen. Als Versicherungsmakler sind wir an keine Versicherungsgesellschaft gebunden, sondern arbeiten&nbsp;ausschlie\u00dflich in Deinem Interesse. Wir w\u00e4hlen Versicherungen mit \u00fcberdurchschnittlich guten Angeboten aus und optimieren diese f\u00fcr Deine individuellen Bed\u00fcrfnisse. Wir sind &hellip; <\/p>\n<p class=\"link-more\"><a href=\"http:\/\/mmakler.de\/\" class=\"more-link\"><span class=\"screen-reader-text\">\u201eWichtig!!!\u201c<\/span> weiterlesen<\/a><\/p>\n","protected":false},"author":1,"featured_media":0,"parent":0,"menu_order":0,"comment_status":"closed","ping_status":"open","template":"","meta":[],"_links":{"self":[{"href":"http:\/\/mmakler.de\/index.php?rest_route=\/wp\/v2\/pages\/2"}],"collection":[{"href":"http:\/\/mmakler.de\/index.php?rest_route=\/wp\/v2\/pages"}],"about":[{"href":"http:\/\/mmakler.de\/index.php?rest_route=\/wp\/v2\/types\/page"}],"author":[{"embeddable":true,"href":"http:\/\/mmakler.de\/index.php?rest_route=\/wp\/v2\/users\/1"}],"replies":[{"embeddable":true,"href":"http:\/\/mmakler.de\/index.php?rest_route=%2Fwp%2Fv2%2Fcomments&post=2"}],"version-history":[{"count":10,"href":"http:\/\/mmakler.de\/index.php?rest_route=\/wp\/v2\/pages\/2\/revisions"}],"predecessor-version":[{"id":191,"href":"http:\/\/mmakler.de\/index.php?rest_route=\/wp\/v2\/pages\/2\/revisions\/191"}],"wp:attachment":[{"href":"http:\/\/mmakler.de\/index.php?rest_route=%2Fwp%2Fv2%2Fmedia&parent=2"}],"curies":[{"name":"wp","href":"https:\/\/api.w.org\/{rel}","templated":true}]}}